{"id":14132,"date":"2026-01-28T17:50:11","date_gmt":"2026-01-28T17:50:11","guid":{"rendered":"https:\/\/enposol.com\/?page_id=14132"},"modified":"2026-01-30T15:56:25","modified_gmt":"2026-01-30T15:56:25","slug":"zasady-ochrany-osobnich-udaju","status":"publish","type":"page","link":"https:\/\/enposol.com\/en\/zasady-ochrany-osobnich-udaju\/","title":{"rendered":"Privacy Policy"},"content":{"rendered":"<style>.elementor-14132 .elementor-element.elementor-element-37e0398{--display:flex;--align-items:center;--container-widget-width:calc( ( 1 - var( --container-widget-flex-grow ) ) * 100% );--margin-top:1rem;--margin-bottom:0rem;--margin-left:0rem;--margin-right:0rem;--padding-top:0%;--padding-bottom:6%;--padding-left:1%;--padding-right:1%;}.elementor-14132 .elementor-element.elementor-element-4fc224e{font-family:var( --e-global-typography-a9062e5-font-family ), Sans-serif;font-size:var( --e-global-typography-a9062e5-font-size );font-weight:var( --e-global-typography-a9062e5-font-weight );text-transform:var( --e-global-typography-a9062e5-text-transform );font-style:var( --e-global-typography-a9062e5-font-style );text-decoration:var( --e-global-typography-a9062e5-text-decoration );line-height:var( --e-global-typography-a9062e5-line-height );letter-spacing:var( --e-global-typography-a9062e5-letter-spacing );word-spacing:var( --e-global-typography-a9062e5-word-spacing );color:var( --e-global-color-8d33a9a );width:var( --container-widget-width, 670px );max-width:670px;--container-widget-width:670px;--container-widget-flex-grow:0;}.elementor-14132 .elementor-element.elementor-element-4fc224e a{color:var( --e-global-color-84ca599 );}.elementor-14132 .elementor-element.elementor-element-4fc224e > .elementor-widget-container{padding:24px 24px 24px 24px;border-style:none;border-radius:16px 16px 16px 16px;box-shadow:0px 0px 3px 0px rgba(0,0,0,0.5);}@media(max-width:1201px){.elementor-14132 .elementor-element.elementor-element-4fc224e{font-size:var( --e-global-typography-a9062e5-font-size );line-height:var( --e-global-typography-a9062e5-line-height );letter-spacing:var( --e-global-typography-a9062e5-letter-spacing );word-spacing:var( --e-global-typography-a9062e5-word-spacing );}}@media(max-width:1024px){.elementor-14132 .elementor-element.elementor-element-37e0398{--padding-top:9%;--padding-bottom:6%;--padding-left:1%;--padding-right:1%;}.elementor-14132 .elementor-element.elementor-element-4fc224e{font-size:var( --e-global-typography-a9062e5-font-size );line-height:var( --e-global-typography-a9062e5-line-height );letter-spacing:var( --e-global-typography-a9062e5-letter-spacing );word-spacing:var( --e-global-typography-a9062e5-word-spacing );}}@media(max-width:767px){.elementor-14132 .elementor-element.elementor-element-37e0398{--padding-top:0px;--padding-bottom:64px;--padding-left:16px;--padding-right:16px;}.elementor-14132 .elementor-element.elementor-element-4fc224e{font-size:var( --e-global-typography-a9062e5-font-size );line-height:var( --e-global-typography-a9062e5-line-height );letter-spacing:var( --e-global-typography-a9062e5-letter-spacing );word-spacing:var( --e-global-typography-a9062e5-word-spacing );}}@media(min-width:1920px){.elementor-14132 .elementor-element.elementor-element-37e0398{--align-items:center;--container-widget-width:calc( ( 1 - var( --container-widget-flex-grow ) ) * 100% );--margin-top:0px;--margin-bottom:0px;--margin-left:0px;--margin-right:0px;--padding-top:3%;--padding-bottom:3%;--padding-left:1%;--padding-right:1%;}.elementor-14132 .elementor-element.elementor-element-4fc224e{font-size:var( --e-global-typography-a9062e5-font-size );line-height:var( --e-global-typography-a9062e5-line-height );letter-spacing:var( --e-global-typography-a9062e5-letter-spacing );word-spacing:var( --e-global-typography-a9062e5-word-spacing );}}<\/style>\t\t<div data-elementor-type=\"wp-page\" data-elementor-id=\"14132\" class=\"elementor elementor-14132\" data-elementor-post-type=\"page\">\n\t\t\t\t<div class=\"elementor-element elementor-element-37e0398 e-con-full e-flex e-con e-parent\" data-id=\"37e0398\" data-element_type=\"container\" data-e-type=\"container\">\n\t\t\t\t<div class=\"elementor-element elementor-element-4fc224e elementor-widget__width-initial elementor-widget elementor-widget-text-editor\" data-id=\"4fc224e\" data-element_type=\"widget\" data-e-type=\"widget\" data-widget_type=\"text-editor.default\">\n\t\t\t\t<div class=\"elementor-widget-container\">\n\t\t\t\t\t\t\t\t\t<h1 data-start=\"417\" data-end=\"448\">Privacy Policy<\/h1><p data-start=\"450\" data-end=\"702\">Company <strong data-start=\"461\" data-end=\"497\">Energy Power Solutions, s. r. o.<\/strong> (hereinafter referred to as the \"Controller\") hereby informs about the manner and scope of processing of personal data of website visitors <strong data-start=\"610\" data-end=\"629\"><a class=\"decorated-link\" href=\"https:\/\/enposol.com\/en\/\" target=\"_new\" rel=\"noopener\" data-start=\"612\" data-end=\"627\">www.enposol.com<\/a><\/strong> in accordance with Regulation (EU) 2016\/679 of the European Parliament and of the Council (GDPR).<\/p><h2 data-start=\"709\" data-end=\"737\">\u00a0<\/h2><h2 data-start=\"709\" data-end=\"737\">1. Personal data controller<\/h2><p data-start=\"739\" data-end=\"850\"><strong data-start=\"739\" data-end=\"775\">Energy Power Solutions, s. r. o.<\/strong><br data-start=\"775\" data-end=\"778\" \/>I\u010c: 11836032<br data-start=\"790\" data-end=\"793\" \/>DI\u010c: CZ11836032<br data-start=\"808\" data-end=\"811\" \/>Headquarters: Purky\u0148ova 649\/127 , 612 00 Brno<\/p><p data-start=\"852\" data-end=\"922\">Contact e-mail: <strong data-start=\"870\" data-end=\"890\"><a class=\"decorated-link cursor-pointer\" rel=\"noopener\" data-start=\"872\" data-end=\"888\">info@enposol.com<\/a><\/strong><br data-start=\"890\" data-end=\"893\" \/>Phone: <strong data-start=\"902\" data-end=\"922\">+420 608 012 449<\/strong><\/p><p data-start=\"924\" data-end=\"1032\">The controller has not appointed a Data Protection Officer (DPO) because it is not legally obliged to do so.<\/p><h2 data-start=\"1039\" data-end=\"1075\">\u00a0<\/h2><h2 data-start=\"1039\" data-end=\"1075\">2. What personal data we process<\/h2><p data-start=\"1077\" data-end=\"1191\">We only process data that you voluntarily provide us with, or technical data necessary for the operation of the website.<\/p><h3 data-start=\"1193\" data-end=\"1219\">a) Contact forms<\/h3><p data-start=\"1220\" data-end=\"1256\">When you submit the form, we process:<\/p><ul data-start=\"1257\" data-end=\"1343\"><li data-start=\"1257\" data-end=\"1276\"><p data-start=\"1259\" data-end=\"1276\">name and surname,<\/p><\/li><li data-start=\"1277\" data-end=\"1297\"><p data-start=\"1279\" data-end=\"1297\">email address,<\/p><\/li><li data-start=\"1298\" data-end=\"1316\"><p data-start=\"1300\" data-end=\"1316\">phone number,<\/p><\/li><li data-start=\"1317\" data-end=\"1343\"><p data-start=\"1319\" data-end=\"1343\">the content of the report \/ enquiry.<\/p><\/li><\/ul><h3 data-start=\"1345\" data-end=\"1362\">b) Newsletter<\/h3><p data-start=\"1363\" data-end=\"1412\">When you subscribe to our newsletter, we process:<\/p><ul data-start=\"1413\" data-end=\"1433\"><li data-start=\"1413\" data-end=\"1433\"><p data-start=\"1415\" data-end=\"1433\">email address.<\/p><\/li><\/ul><p data-start=\"1435\" data-end=\"1610\">The newsletter is sent out via the service <strong data-start=\"1482\" data-end=\"1496\">MailerLite<\/strong>. You can opt-in without double opt-in, but you can unsubscribe at any time using the link in each email.<\/p><h3 data-start=\"1612\" data-end=\"1644\">c) Analytical data and cookies<\/h3><p data-start=\"1645\" data-end=\"1663\">On the web we use:<\/p><ul data-start=\"1664\" data-end=\"1763\"><li data-start=\"1664\" data-end=\"1710\"><p data-start=\"1666\" data-end=\"1710\"><strong data-start=\"1666\" data-end=\"1686\">Google Analytics<\/strong> - traffic analysis,<\/p><\/li><li data-start=\"1711\" data-end=\"1763\"><p data-start=\"1713\" data-end=\"1763\"><strong data-start=\"1713\" data-end=\"1734\">Microsoft Clarity<\/strong> - analysis of user behaviour.<\/p><\/li><\/ul><p data-start=\"1765\" data-end=\"1974\">These tools may process technical data such as IP address, device type, browser, web behaviour, etc. This data is only processed on the basis of consent granted via the cookie bar.<\/p><h2 data-start=\"1981\" data-end=\"2019\">\u00a0<\/h2><h2 data-start=\"1981\" data-end=\"2019\">3. Purposes and legal grounds for processing<\/h2><p data-start=\"2021\" data-end=\"2063\">We process personal data for the following purposes:<\/p><div class=\"TyagGW_tableContainer\"><div class=\"group TyagGW_tableWrapper flex flex-col-reverse w-fit\" tabindex=\"-1\"><table class=\"w-fit min-w-(--thread-content-width)\" data-start=\"2065\" data-end=\"2283\"><thead data-start=\"2065\" data-end=\"2089\"><tr data-start=\"2065\" data-end=\"2089\"><th data-start=\"2065\" data-end=\"2072\" data-col-size=\"sm\">Purpose<\/th><th data-start=\"2072\" data-end=\"2089\" data-col-size=\"sm\">Legal basis<\/th><\/tr><\/thead><tbody data-start=\"2100\" data-end=\"2283\"><tr data-start=\"2100\" data-end=\"2149\"><td data-start=\"2100\" data-end=\"2130\" data-col-size=\"sm\">Reply to inquiry \/ question<\/td><td data-col-size=\"sm\" data-start=\"2130\" data-end=\"2149\">legitimate interest<\/td><\/tr><tr data-start=\"2150\" data-end=\"2184\"><td data-start=\"2150\" data-end=\"2173\" data-col-size=\"sm\">Sending the newsletter<\/td><td data-col-size=\"sm\" data-start=\"2173\" data-end=\"2184\">consent<\/td><\/tr><tr data-start=\"2185\" data-end=\"2224\"><td data-start=\"2185\" data-end=\"2213\" data-col-size=\"sm\">Website traffic analysis<\/td><td data-col-size=\"sm\" data-start=\"2213\" data-end=\"2224\">consent<\/td><\/tr><tr data-start=\"2225\" data-end=\"2283\"><td data-start=\"2225\" data-end=\"2264\" data-col-size=\"sm\">Ensuring site operation and security<\/td><td data-col-size=\"sm\" data-start=\"2264\" data-end=\"2283\">legitimate interest<\/td><\/tr><\/tbody><\/table><\/div><\/div><h2 data-start=\"2290\" data-end=\"2319\">\u00a0<\/h2><h2 data-start=\"2290\" data-end=\"2319\">4. Recipients of personal data<\/h2><p data-start=\"2321\" data-end=\"2383\">Personal data may be disclosed to the following categories of recipients:<\/p><ul data-start=\"2385\" data-end=\"2667\"><li data-start=\"2385\" data-end=\"2459\"><p data-start=\"2387\" data-end=\"2459\">providers of analytical tools (Google LLC, Microsoft Corporation),<\/p><\/li><li data-start=\"2460\" data-end=\"2509\"><p data-start=\"2462\" data-end=\"2509\">newsletter service provider (MailerLite),<\/p><\/li><li data-start=\"2510\" data-end=\"2589\"><p data-start=\"2512\" data-end=\"2589\">server infrastructure operator (private server of the administrator - CloudPanel),<\/p><\/li><li data-start=\"2590\" data-end=\"2667\"><p data-start=\"2592\" data-end=\"2667\">other providers of technical services necessary for the operation of the website.<\/p><\/li><\/ul><h2 data-start=\"2674\" data-end=\"2712\">\u00a0<\/h2><h2 data-start=\"2674\" data-end=\"2712\">5. Transfer of personal data outside the EU<\/h2><p data-start=\"2714\" data-end=\"2989\">Some service providers (e.g. Google, Microsoft, MailerLite) may process personal data outside the European Union, in particular in the USA.<br data-start=\"2847\" data-end=\"2850\" \/>The transfer is based on <strong data-start=\"2876\" data-end=\"2910\">standard contractual clauses<\/strong> approved by the European Commission or other appropriate safeguard mechanisms.<\/p><h2 data-start=\"2996\" data-end=\"3030\">\u00a0<\/h2><h2 data-start=\"2996\" data-end=\"3030\">6. Retention period of personal data<\/h2><p data-start=\"3032\" data-end=\"3086\">We only keep personal data for as long as necessary:<\/p><ul data-start=\"3088\" data-end=\"3263\"><li data-start=\"3088\" data-end=\"3141\"><p data-start=\"3090\" data-end=\"3141\">data from contact forms: <strong data-start=\"3121\" data-end=\"3140\">maximum 5 years<\/strong>,<\/p><\/li><li data-start=\"3142\" data-end=\"3191\"><p data-start=\"3144\" data-end=\"3191\">data for the newsletter: <strong data-start=\"3166\" data-end=\"3190\">until consent is withdrawn<\/strong>,<\/p><\/li><li data-start=\"3192\" data-end=\"3263\"><p data-start=\"3194\" data-end=\"3263\">analytical and cookie data: <strong data-start=\"3221\" data-end=\"3262\">according to the type of cookies and the settings of the tool<\/strong>.<\/p><\/li><\/ul><h2 data-start=\"3270\" data-end=\"3296\">\u00a0<\/h2><h2 data-start=\"3270\" data-end=\"3296\">7. Rights of data subjects<\/h2><p data-start=\"3298\" data-end=\"3309\">You have the right:<\/p><ul data-start=\"3310\" data-end=\"3539\"><li data-start=\"3310\" data-end=\"3346\"><p data-start=\"3312\" data-end=\"3346\">to access their personal data,<\/p><\/li><li data-start=\"3347\" data-end=\"3380\"><p data-start=\"3349\" data-end=\"3380\">to repair or supplement them,<\/p><\/li><li data-start=\"3381\" data-end=\"3416\"><p data-start=\"3383\" data-end=\"3416\">for erasure (\"right to be forgotten\"),<\/p><\/li><li data-start=\"3417\" data-end=\"3441\"><p data-start=\"3419\" data-end=\"3441\">to limit processing,<\/p><\/li><li data-start=\"3442\" data-end=\"3468\"><p data-start=\"3444\" data-end=\"3468\">on data portability,<\/p><\/li><li data-start=\"3469\" data-end=\"3503\"><p data-start=\"3471\" data-end=\"3503\">object to processing,<\/p><\/li><li data-start=\"3504\" data-end=\"3539\"><p data-start=\"3506\" data-end=\"3539\">withdraw the consent at any time.<\/p><\/li><\/ul><p data-start=\"3541\" data-end=\"3612\">You can exercise your rights by emailing <strong data-start=\"3591\" data-end=\"3611\"><a class=\"decorated-link cursor-pointer\" rel=\"noopener\" data-start=\"3593\" data-end=\"3609\">info@enposol.com<\/a><\/strong>.<\/p><h2 data-start=\"3619\" data-end=\"3638\">\u00a0<\/h2><h2 data-start=\"3619\" data-end=\"3638\">8. Supervisory Authority<\/h2><p data-start=\"3640\" data-end=\"3773\">If you believe that the processing of personal data violates the law, you have the right to lodge a complaint with a supervisory authority:<\/p><p data-start=\"3775\" data-end=\"3824\"><strong data-start=\"3775\" data-end=\"3810\">Office for Personal Data Protection<\/strong><br data-start=\"3810\" data-end=\"3813\" \/><a class=\"decorated-link cursor-pointer\" href=\"http:\/\/www.uoou.cz\" target=\"_new\" rel=\"noopener\" data-start=\"3813\" data-end=\"3824\">www.uoou.cz<\/a><\/p><h2 data-start=\"3831\" data-end=\"3857\">\u00a0<\/h2><h2 data-start=\"3831\" data-end=\"3857\">9. Final Provisions<\/h2><p data-start=\"3859\" data-end=\"4001\">This Policy is valid and effective from the date of its publication on the Administrator's website. The Administrator reserves the right to update them at any time.<\/p>\t\t\t\t\t\t\t\t<\/div>\n\t\t\t\t<\/div>\n\t\t\t\t<\/div>\n\t\t\t\t<\/div>","protected":false},"excerpt":{"rendered":"<p>Z\u00e1sady ochrany osobn\u00edch \u00fadaj\u016f Spole\u010dnost Energy Power Solutions, s. r. o. (d\u00e1le jen \u201espr\u00e1vce\u201c) t\u00edmto informuje o zp\u016fsobu a rozsahu zpracov\u00e1n\u00ed osobn\u00edch \u00fadaj\u016f n\u00e1v\u0161t\u011bvn\u00edk\u016f webov\u00fdch str\u00e1nek www.enposol.com v souladu s na\u0159\u00edzen\u00edm Evropsk\u00e9ho parlamentu a Rady (EU) 2016\/679 (GDPR). \u00a0 1. Spr\u00e1vce osobn\u00edch \u00fadaj\u016f Energy Power Solutions, s. r. o.I\u010c: 11836032DI\u010c: CZ11836032S\u00eddlo: Purky\u0148ova 649\/127, 612 00 [&hellip;]<\/p>\n","protected":false},"author":3,"featured_media":0,"parent":0,"menu_order":0,"comment_status":"closed","ping_status":"closed","template":"","meta":{"footnotes":""},"class_list":["post-14132","page","type-page","status-publish","hentry"],"_links":{"self":[{"href":"https:\/\/enposol.com\/en\/wp-json\/wp\/v2\/pages\/14132","targetHints":{"allow":["GET"]}}],"collection":[{"href":"https:\/\/enposol.com\/en\/wp-json\/wp\/v2\/pages"}],"about":[{"href":"https:\/\/enposol.com\/en\/wp-json\/wp\/v2\/types\/page"}],"author":[{"embeddable":true,"href":"https:\/\/enposol.com\/en\/wp-json\/wp\/v2\/users\/3"}],"replies":[{"embeddable":true,"href":"https:\/\/enposol.com\/en\/wp-json\/wp\/v2\/comments?post=14132"}],"version-history":[{"count":20,"href":"https:\/\/enposol.com\/en\/wp-json\/wp\/v2\/pages\/14132\/revisions"}],"predecessor-version":[{"id":14805,"href":"https:\/\/enposol.com\/en\/wp-json\/wp\/v2\/pages\/14132\/revisions\/14805"}],"wp:attachment":[{"href":"https:\/\/enposol.com\/en\/wp-json\/wp\/v2\/media?parent=14132"}],"curies":[{"name":"wp","href":"https:\/\/api.w.org\/{rel}","templated":true}]}}